{"id":799,"date":"2025-01-17T10:13:36","date_gmt":"2025-01-17T10:13:36","guid":{"rendered":"https:\/\/www.homeopathicspectrum.com\/home\/"},"modified":"2026-05-10T19:56:36","modified_gmt":"2026-05-10T18:56:36","slug":"home","status":"publish","type":"page","link":"https:\/\/www.homeopathicspectrum.com\/de\/","title":{"rendered":"HOME"},"content":{"rendered":"","protected":false},"excerpt":{"rendered":"<p>Homeopathic Spectrum ist ein internationales Online-Magazin f\u00fcr die hom\u00f6opathische Heilkunst. Es pr\u00e4sentiert das volle Spektrum klassischer und moderner Ans\u00e4tze der Hom\u00f6opathie, mit Schwerpunkt auf der Systematik der Materia Medica. Zweimal j\u00e4hrlich erscheinen neue Ausgaben zu besonderen Themen \u2014 als digitales Premium-Abonnement.<\/p>\n","protected":false},"author":1,"featured_media":0,"parent":0,"menu_order":0,"comment_status":"open","ping_status":"closed","template":"","meta":{"footnotes":""},"class_list":["post-799","page","type-page","status-publish","hentry"],"yoast_head":"<!-- This site is optimized with the Yoast SEO plugin v27.6 - https:\/\/yoast.com\/product\/yoast-seo-wordpress\/ -->\n<title>HOME - Homeopathic Spectrum<\/title>\n<meta name=\"description\" content=\"Homeopathic Spectrum ist ein internationales Online-Magazin f\u00fcr die hom\u00f6opathische Heilkunst. Entdecken Sie klassische und moderne Ans\u00e4tze der Hom\u00f6opathie, mit Schwerpunkt auf der Systematik der Materia Medica \u2014 zweimal j\u00e4hrlich als digitales Premium-Abonnement.\" \/>\n<meta name=\"robots\" content=\"index, follow, max-snippet:-1, max-image-preview:large, max-video-preview:-1\" \/>\n<link rel=\"canonical\" href=\"https:\/\/www.homeopathicspectrum.com\/de\/\" \/>\n<meta property=\"og:locale\" content=\"de_DE\" \/>\n<meta property=\"og:type\" content=\"article\" \/>\n<meta property=\"og:title\" content=\"HOME - Homeopathic Spectrum\" \/>\n<meta property=\"og:description\" content=\"Homeopathic Spectrum ist ein internationales Online-Magazin f\u00fcr die hom\u00f6opathische Heilkunst. Entdecken Sie klassische und moderne Ans\u00e4tze der Hom\u00f6opathie, mit Schwerpunkt auf der Systematik der Materia Medica \u2014 zweimal j\u00e4hrlich als digitales Premium-Abonnement.\" \/>\n<meta property=\"og:url\" content=\"https:\/\/www.homeopathicspectrum.com\/de\/\" \/>\n<meta property=\"og:site_name\" content=\"Homeopathic Spectrum\" \/>\n<meta property=\"article:modified_time\" content=\"2026-05-10T18:56:36+00:00\" \/>\n<meta name=\"twitter:card\" content=\"summary_large_image\" \/>\n<script type=\"application\/ld+json\" class=\"yoast-schema-graph\">{\"@context\":\"https:\\\/\\\/schema.org\",\"@graph\":[{\"@type\":\"WebPage\",\"@id\":\"https:\\\/\\\/www.homeopathicspectrum.com\\\/de\\\/\",\"url\":\"https:\\\/\\\/www.homeopathicspectrum.com\\\/de\\\/\",\"name\":\"HOME - Homeopathic Spectrum\",\"isPartOf\":{\"@id\":\"https:\\\/\\\/www.homeopathicspectrum.com\\\/de\\\/#website\"},\"datePublished\":\"2025-01-17T10:13:36+00:00\",\"dateModified\":\"2026-05-10T18:56:36+00:00\",\"description\":\"Homeopathic Spectrum ist ein internationales Online-Magazin f\u00fcr die hom\u00f6opathische Heilkunst. Entdecken Sie klassische und moderne Ans\u00e4tze der Hom\u00f6opathie, mit Schwerpunkt auf der Systematik der Materia Medica \u2014 zweimal j\u00e4hrlich als digitales Premium-Abonnement.\",\"breadcrumb\":{\"@id\":\"https:\\\/\\\/www.homeopathicspectrum.com\\\/de\\\/#breadcrumb\"},\"inLanguage\":\"de\",\"potentialAction\":[{\"@type\":\"ReadAction\",\"target\":[\"https:\\\/\\\/www.homeopathicspectrum.com\\\/de\\\/\"]}]},{\"@type\":\"BreadcrumbList\",\"@id\":\"https:\\\/\\\/www.homeopathicspectrum.com\\\/de\\\/#breadcrumb\",\"itemListElement\":[{\"@type\":\"ListItem\",\"position\":1,\"name\":\"Home\",\"item\":\"https:\\\/\\\/www.homeopathicspectrum.com\\\/de\\\/\"},{\"@type\":\"ListItem\",\"position\":2,\"name\":\"HOME\"}]},{\"@type\":\"WebSite\",\"@id\":\"https:\\\/\\\/www.homeopathicspectrum.com\\\/de\\\/#website\",\"url\":\"https:\\\/\\\/www.homeopathicspectrum.com\\\/de\\\/\",\"name\":\"Homeopathic Spectrum\",\"description\":\"The Online Materia Medica\",\"publisher\":{\"@id\":\"https:\\\/\\\/www.homeopathicspectrum.com\\\/de\\\/#organization\"},\"potentialAction\":[{\"@type\":\"SearchAction\",\"target\":{\"@type\":\"EntryPoint\",\"urlTemplate\":\"https:\\\/\\\/www.homeopathicspectrum.com\\\/de\\\/?s={search_term_string}\"},\"query-input\":{\"@type\":\"PropertyValueSpecification\",\"valueRequired\":true,\"valueName\":\"search_term_string\"}}],\"inLanguage\":\"de\"},{\"@type\":\"Organization\",\"@id\":\"https:\\\/\\\/www.homeopathicspectrum.com\\\/de\\\/#organization\",\"name\":\"Homeopathic Spectrum\",\"url\":\"https:\\\/\\\/www.homeopathicspectrum.com\\\/de\\\/\",\"logo\":{\"@type\":\"ImageObject\",\"inLanguage\":\"de\",\"@id\":\"https:\\\/\\\/www.homeopathicspectrum.com\\\/de\\\/#\\\/schema\\\/logo\\\/image\\\/\",\"url\":\"https:\\\/\\\/www.homeopathicspectrum.com\\\/wp-content\\\/uploads\\\/2026\\\/01\\\/LogoSpectrum_black.png\",\"contentUrl\":\"https:\\\/\\\/www.homeopathicspectrum.com\\\/wp-content\\\/uploads\\\/2026\\\/01\\\/LogoSpectrum_black.png\",\"width\":2048,\"height\":415,\"caption\":\"Homeopathic Spectrum\"},\"image\":{\"@id\":\"https:\\\/\\\/www.homeopathicspectrum.com\\\/de\\\/#\\\/schema\\\/logo\\\/image\\\/\"}}]}<\/script>\n<!-- \/ Yoast SEO plugin. -->","yoast_head_json":{"title":"HOME - Homeopathic Spectrum","description":"Homeopathic Spectrum ist ein internationales Online-Magazin f\u00fcr die hom\u00f6opathische Heilkunst. Entdecken Sie klassische und moderne Ans\u00e4tze der Hom\u00f6opathie, mit Schwerpunkt auf der Systematik der Materia Medica \u2014 zweimal j\u00e4hrlich als digitales Premium-Abonnement.","robots":{"index":"index","follow":"follow","max-snippet":"max-snippet:-1","max-image-preview":"max-image-preview:large","max-video-preview":"max-video-preview:-1"},"canonical":"https:\/\/www.homeopathicspectrum.com\/de\/","og_locale":"de_DE","og_type":"article","og_title":"HOME - Homeopathic Spectrum","og_description":"Homeopathic Spectrum ist ein internationales Online-Magazin f\u00fcr die hom\u00f6opathische Heilkunst. Entdecken Sie klassische und moderne Ans\u00e4tze der Hom\u00f6opathie, mit Schwerpunkt auf der Systematik der Materia Medica \u2014 zweimal j\u00e4hrlich als digitales Premium-Abonnement.","og_url":"https:\/\/www.homeopathicspectrum.com\/de\/","og_site_name":"Homeopathic Spectrum","article_modified_time":"2026-05-10T18:56:36+00:00","twitter_card":"summary_large_image","schema":{"@context":"https:\/\/schema.org","@graph":[{"@type":"WebPage","@id":"https:\/\/www.homeopathicspectrum.com\/de\/","url":"https:\/\/www.homeopathicspectrum.com\/de\/","name":"HOME - Homeopathic Spectrum","isPartOf":{"@id":"https:\/\/www.homeopathicspectrum.com\/de\/#website"},"datePublished":"2025-01-17T10:13:36+00:00","dateModified":"2026-05-10T18:56:36+00:00","description":"Homeopathic Spectrum ist ein internationales Online-Magazin f\u00fcr die hom\u00f6opathische Heilkunst. Entdecken Sie klassische und moderne Ans\u00e4tze der Hom\u00f6opathie, mit Schwerpunkt auf der Systematik der Materia Medica \u2014 zweimal j\u00e4hrlich als digitales Premium-Abonnement.","breadcrumb":{"@id":"https:\/\/www.homeopathicspectrum.com\/de\/#breadcrumb"},"inLanguage":"de","potentialAction":[{"@type":"ReadAction","target":["https:\/\/www.homeopathicspectrum.com\/de\/"]}]},{"@type":"BreadcrumbList","@id":"https:\/\/www.homeopathicspectrum.com\/de\/#breadcrumb","itemListElement":[{"@type":"ListItem","position":1,"name":"Home","item":"https:\/\/www.homeopathicspectrum.com\/de\/"},{"@type":"ListItem","position":2,"name":"HOME"}]},{"@type":"WebSite","@id":"https:\/\/www.homeopathicspectrum.com\/de\/#website","url":"https:\/\/www.homeopathicspectrum.com\/de\/","name":"Homeopathic Spectrum","description":"The Online Materia Medica","publisher":{"@id":"https:\/\/www.homeopathicspectrum.com\/de\/#organization"},"potentialAction":[{"@type":"SearchAction","target":{"@type":"EntryPoint","urlTemplate":"https:\/\/www.homeopathicspectrum.com\/de\/?s={search_term_string}"},"query-input":{"@type":"PropertyValueSpecification","valueRequired":true,"valueName":"search_term_string"}}],"inLanguage":"de"},{"@type":"Organization","@id":"https:\/\/www.homeopathicspectrum.com\/de\/#organization","name":"Homeopathic Spectrum","url":"https:\/\/www.homeopathicspectrum.com\/de\/","logo":{"@type":"ImageObject","inLanguage":"de","@id":"https:\/\/www.homeopathicspectrum.com\/de\/#\/schema\/logo\/image\/","url":"https:\/\/www.homeopathicspectrum.com\/wp-content\/uploads\/2026\/01\/LogoSpectrum_black.png","contentUrl":"https:\/\/www.homeopathicspectrum.com\/wp-content\/uploads\/2026\/01\/LogoSpectrum_black.png","width":2048,"height":415,"caption":"Homeopathic Spectrum"},"image":{"@id":"https:\/\/www.homeopathicspectrum.com\/de\/#\/schema\/logo\/image\/"}}]}},"_links":{"self":[{"href":"https:\/\/www.homeopathicspectrum.com\/de\/wp-json\/wp\/v2\/pages\/799","targetHints":{"allow":["GET"]}}],"collection":[{"href":"https:\/\/www.homeopathicspectrum.com\/de\/wp-json\/wp\/v2\/pages"}],"about":[{"href":"https:\/\/www.homeopathicspectrum.com\/de\/wp-json\/wp\/v2\/types\/page"}],"author":[{"embeddable":true,"href":"https:\/\/www.homeopathicspectrum.com\/de\/wp-json\/wp\/v2\/users\/1"}],"replies":[{"embeddable":true,"href":"https:\/\/www.homeopathicspectrum.com\/de\/wp-json\/wp\/v2\/comments?post=799"}],"version-history":[{"count":2,"href":"https:\/\/www.homeopathicspectrum.com\/de\/wp-json\/wp\/v2\/pages\/799\/revisions"}],"predecessor-version":[{"id":1079,"href":"https:\/\/www.homeopathicspectrum.com\/de\/wp-json\/wp\/v2\/pages\/799\/revisions\/1079"}],"wp:attachment":[{"href":"https:\/\/www.homeopathicspectrum.com\/de\/wp-json\/wp\/v2\/media?parent=799"}],"curies":[{"name":"wp","href":"https:\/\/api.w.org\/{rel}","templated":true}]}}